{"id":722,"date":"2019-10-22T18:22:39","date_gmt":"2019-10-22T21:22:39","guid":{"rendered":"https:\/\/santosglobal.com.br\/?page_id=722"},"modified":"2024-04-15T15:31:40","modified_gmt":"2024-04-15T18:31:40","slug":"contact-2","status":"publish","type":"page","link":"https:\/\/santosglobal.com.br\/en\/contact-2\/","title":{"rendered":"Contact"},"content":{"rendered":"<div data-elementor-type=\"wp-post\" data-elementor-id=\"722\" class=\"elementor elementor-722\">\n\t\t\t\t\t\t<section class=\"elementor-section elementor-top-section elementor-element elementor-element-3f8e2da6 elementor-section-boxed elementor-section-height-default elementor-section-height-default\" data-id=\"3f8e2da6\" data-element_type=\"section\" data-settings=\"{&quot;background_background&quot;:&quot;classic&quot;}\">\n\t\t\t\t\t\t<div class=\"elementor-container elementor-column-gap-default\">\n\t\t\t\t\t<div class=\"elementor-column elementor-col-100 elementor-top-column elementor-element elementor-element-795fde96\" data-id=\"795fde96\" data-element_type=\"column\" data-settings=\"{&quot;background_background&quot;:&quot;classic&quot;}\">\n\t\t\t<div class=\"elementor-widget-wrap\">\n\t\t\t\t\t\t\t<\/div>\n\t\t<\/div>\n\t\t\t\t\t<\/div>\n\t\t<\/section>\n\t\t\t\t<section class=\"elementor-section elementor-top-section elementor-element elementor-element-2c022bc9 elementor-section-boxed elementor-section-height-default elementor-section-height-default\" data-id=\"2c022bc9\" data-element_type=\"section\" data-settings=\"{&quot;background_background&quot;:&quot;classic&quot;}\">\n\t\t\t\t\t\t<div class=\"elementor-container elementor-column-gap-default\">\n\t\t\t\t\t<div class=\"elementor-column elementor-col-50 elementor-top-column elementor-element elementor-element-4d67134e elementor-invisible\" data-id=\"4d67134e\" data-element_type=\"column\" data-settings=\"{&quot;background_background&quot;:&quot;classic&quot;,&quot;animation&quot;:&quot;fadeInLeft&quot;}\">\n\t\t\t<div class=\"elementor-widget-wrap elementor-element-populated\">\n\t\t\t\t\t\t<div class=\"elementor-element elementor-element-5533b6d elementor-widget elementor-widget-heading\" data-id=\"5533b6d\" data-element_type=\"widget\" data-widget_type=\"heading.default\">\n\t\t\t\t<div class=\"elementor-widget-container\">\n\t\t\t\t\t<h1 class=\"elementor-heading-title elementor-size-default\">Contact<\/h1>\t\t\t\t<\/div>\n\t\t\t\t<\/div>\n\t\t\t\t<div class=\"elementor-element elementor-element-52ad84f7 elementor-widget elementor-widget-text-editor\" data-id=\"52ad84f7\" data-element_type=\"widget\" data-widget_type=\"text-editor.default\">\n\t\t\t\t<div class=\"elementor-widget-container\">\n\t\t\t\t\t\t\t\t\t<p>Contact Santos Global. We look forward to serving you.<\/p>\t\t\t\t\t\t\t\t<\/div>\n\t\t\t\t<\/div>\n\t\t\t\t\t<\/div>\n\t\t<\/div>\n\t\t\t\t<div class=\"elementor-column elementor-col-50 elementor-top-column elementor-element elementor-element-21db32a3\" data-id=\"21db32a3\" data-element_type=\"column\" data-settings=\"{&quot;background_background&quot;:&quot;classic&quot;}\">\n\t\t\t<div class=\"elementor-widget-wrap\">\n\t\t\t\t\t\t\t<\/div>\n\t\t<\/div>\n\t\t\t\t\t<\/div>\n\t\t<\/section>\n\t\t\t\t<section class=\"elementor-section elementor-top-section elementor-element elementor-element-838986f elementor-section-boxed elementor-section-height-default elementor-section-height-default\" data-id=\"838986f\" data-element_type=\"section\" data-settings=\"{&quot;background_background&quot;:&quot;classic&quot;}\">\n\t\t\t\t\t\t<div class=\"elementor-container elementor-column-gap-default\">\n\t\t\t\t\t<div class=\"elementor-column elementor-col-50 elementor-top-column elementor-element elementor-element-632eecc0\" data-id=\"632eecc0\" data-element_type=\"column\" data-settings=\"{&quot;background_background&quot;:&quot;classic&quot;}\">\n\t\t\t<div class=\"elementor-widget-wrap elementor-element-populated\">\n\t\t\t\t\t\t<div class=\"elementor-element elementor-element-483bd4ab elementor-align-left elementor-icon-list--layout-traditional elementor-list-item-link-full_width elementor-widget elementor-widget-icon-list\" data-id=\"483bd4ab\" data-element_type=\"widget\" data-widget_type=\"icon-list.default\">\n\t\t\t\t<div class=\"elementor-widget-container\">\n\t\t\t\t\t\t\t<ul class=\"elementor-icon-list-items\">\n\t\t\t\t\t\t\t<li class=\"elementor-icon-list-item\">\n\t\t\t\t\t\t\t\t\t\t\t<span class=\"elementor-icon-list-icon\">\n\t\t\t\t\t\t\t<i aria-hidden=\"true\" class=\"fas fa-phone\"><\/i>\t\t\t\t\t\t<\/span>\n\t\t\t\t\t\t\t\t\t\t<span class=\"elementor-icon-list-text\">+55 (13) 98106.9169 \/ +55 (13) 3323.1069<\/span>\n\t\t\t\t\t\t\t\t\t<\/li>\n\t\t\t\t\t\t\t\t<li class=\"elementor-icon-list-item\">\n\t\t\t\t\t\t\t\t\t\t\t<span class=\"elementor-icon-list-icon\">\n\t\t\t\t\t\t\t<i aria-hidden=\"true\" class=\"fas fa-envelope\"><\/i>\t\t\t\t\t\t<\/span>\n\t\t\t\t\t\t\t\t\t\t<span class=\"elementor-icon-list-text\"> comercial@santosglobal.com.br<\/span>\n\t\t\t\t\t\t\t\t\t<\/li>\n\t\t\t\t\t\t<\/ul>\n\t\t\t\t\t\t<\/div>\n\t\t\t\t<\/div>\n\t\t\t\t<div class=\"elementor-element elementor-element-4ce563b3 elementor-widget elementor-widget-google_maps\" data-id=\"4ce563b3\" data-element_type=\"widget\" data-widget_type=\"google_maps.default\">\n\t\t\t\t<div class=\"elementor-widget-container\">\n\t\t\t\t\t\t\t<div class=\"elementor-custom-embed\">\n\t\t\t<iframe loading=\"lazy\"\n\t\t\t\t\tsrc=\"https:\/\/maps.google.com\/maps?q=Rua%20Xavier%20Pinheiro%2C%20244%20-%20cj.%2051%20-%20Vila%20Mathias%20-%20Santos-SP&#038;t=m&#038;z=15&#038;output=embed&#038;iwloc=near\"\n\t\t\t\t\ttitle=\"Xavier Pinheiro Street, 244 \u2013 Room 51 \u2013 Vila Mathias \u2013 Santos, SP \u2013 CEP: 11015-090\"\n\t\t\t\t\taria-label=\"Xavier Pinheiro Street, 244 \u2013 Room 51 \u2013 Vila Mathias \u2013 Santos, SP \u2013 CEP: 11015-090\"\n\t\t\t><\/iframe>\n\t\t<\/div>\n\t\t\t\t\t\t<\/div>\n\t\t\t\t<\/div>\n\t\t\t\t\t<\/div>\n\t\t<\/div>\n\t\t\t\t<div class=\"elementor-column elementor-col-50 elementor-top-column elementor-element elementor-element-3bf9d7d0\" data-id=\"3bf9d7d0\" data-element_type=\"column\" data-settings=\"{&quot;background_background&quot;:&quot;classic&quot;}\">\n\t\t\t<div class=\"elementor-widget-wrap elementor-element-populated\">\n\t\t\t\t\t\t<section class=\"elementor-section elementor-inner-section elementor-element elementor-element-6f3846f9 elementor-section-boxed elementor-section-height-default elementor-section-height-default\" data-id=\"6f3846f9\" data-element_type=\"section\">\n\t\t\t\t\t\t<div class=\"elementor-container elementor-column-gap-default\">\n\t\t\t\t\t<div class=\"elementor-column elementor-col-100 elementor-inner-column elementor-element elementor-element-3f532d72\" data-id=\"3f532d72\" data-element_type=\"column\">\n\t\t\t<div class=\"elementor-widget-wrap\">\n\t\t\t\t\t\t\t<\/div>\n\t\t<\/div>\n\t\t\t\t\t<\/div>\n\t\t<\/section>\n\t\t\t\t\t<\/div>\n\t\t<\/div>\n\t\t\t\t\t<\/div>\n\t\t<\/section>\n\t\t\t\t<\/div>","protected":false},"excerpt":{"rendered":"<p>Contact Contact Santos Global. We look forward to serving you. +55 (13) 98106.9169 \/ +55 (13) 3323.1069 comercial@santosglobal.com.br<\/p>","protected":false},"author":1,"featured_media":0,"parent":0,"menu_order":0,"comment_status":"closed","ping_status":"closed","template":"elementor_header_footer","meta":{"om_disable_all_campaigns":false,"_uf_show_specific_survey":0,"_uf_disable_surveys":false,"footnotes":""},"class_list":["post-722","page","type-page","status-publish","hentry"],"aioseo_notices":[],"yoast_head":"<!-- This site is optimized with the Yoast SEO plugin v27.2 - https:\/\/yoast.com\/product\/yoast-seo-wordpress\/ -->\n<title>Contact - Santos Global Log\u00edstica e Transporte Internacional de Cargas<\/title>\n<meta name=\"robots\" content=\"index, follow, max-snippet:-1, max-image-preview:large, max-video-preview:-1\" \/>\n<link rel=\"canonical\" href=\"https:\/\/santosglobal.com.br\/en\/contact-2\/\" \/>\n<meta property=\"og:locale\" content=\"en_US\" \/>\n<meta property=\"og:type\" content=\"article\" \/>\n<meta property=\"og:title\" content=\"Contact - Santos Global Log\u00edstica e Transporte Internacional de Cargas\" \/>\n<meta property=\"og:description\" content=\"Contact Contact Santos Global. We look forward to serving you. +55 (13) 98106.9169 \/ +55 (13) 3323.1069 comercial@santosglobal.com.br\" \/>\n<meta property=\"og:url\" content=\"https:\/\/santosglobal.com.br\/en\/contact-2\/\" \/>\n<meta property=\"og:site_name\" content=\"Santos Global Log\u00edstica e Transporte Internacional de Cargas\" \/>\n<meta property=\"article:modified_time\" content=\"2024-04-15T18:31:40+00:00\" \/>\n<meta name=\"twitter:card\" content=\"summary_large_image\" \/>\n<meta name=\"twitter:label1\" content=\"Est. reading time\" \/>\n\t<meta name=\"twitter:data1\" content=\"1 minute\" \/>\n<script type=\"application\/ld+json\" class=\"yoast-schema-graph\">{\"@context\":\"https:\/\/schema.org\",\"@graph\":[{\"@type\":\"WebPage\",\"@id\":\"https:\/\/santosglobal.com.br\/contact-2\/\",\"url\":\"https:\/\/santosglobal.com.br\/contact-2\/\",\"name\":\"Contact - Santos Global Log\u00edstica e Transporte Internacional de Cargas\",\"isPartOf\":{\"@id\":\"https:\/\/santosglobal.com.br\/#website\"},\"datePublished\":\"2019-10-22T21:22:39+00:00\",\"dateModified\":\"2024-04-15T18:31:40+00:00\",\"breadcrumb\":{\"@id\":\"https:\/\/santosglobal.com.br\/contact-2\/#breadcrumb\"},\"inLanguage\":\"en-US\",\"potentialAction\":[{\"@type\":\"ReadAction\",\"target\":[\"https:\/\/santosglobal.com.br\/contact-2\/\"]}]},{\"@type\":\"BreadcrumbList\",\"@id\":\"https:\/\/santosglobal.com.br\/contact-2\/#breadcrumb\",\"itemListElement\":[{\"@type\":\"ListItem\",\"position\":1,\"name\":\"In\u00edcio\",\"item\":\"https:\/\/santosglobal.com.br\/\"},{\"@type\":\"ListItem\",\"position\":2,\"name\":\"Contact\"}]},{\"@type\":\"WebSite\",\"@id\":\"https:\/\/santosglobal.com.br\/#website\",\"url\":\"https:\/\/santosglobal.com.br\/\",\"name\":\"Santos Global Log\u00edstica e Transporte Internacional de Cargas\",\"description\":\"Solu\u00e7\u00f5es de Importa\u00e7\u00e3o e Exporta\u00e7\u00e3o\",\"publisher\":{\"@id\":\"https:\/\/santosglobal.com.br\/#organization\"},\"potentialAction\":[{\"@type\":\"SearchAction\",\"target\":{\"@type\":\"EntryPoint\",\"urlTemplate\":\"https:\/\/santosglobal.com.br\/?s={search_term_string}\"},\"query-input\":{\"@type\":\"PropertyValueSpecification\",\"valueRequired\":true,\"valueName\":\"search_term_string\"}}],\"inLanguage\":\"en-US\"},{\"@type\":\"Organization\",\"@id\":\"https:\/\/santosglobal.com.br\/#organization\",\"name\":\"Santos Global Log\u00edstica e Transporte Internacional de Cargas\",\"url\":\"https:\/\/santosglobal.com.br\/\",\"logo\":{\"@type\":\"ImageObject\",\"inLanguage\":\"en-US\",\"@id\":\"https:\/\/santosglobal.com.br\/#\/schema\/logo\/image\/\",\"url\":\"https:\/\/santosglobal.com.br\/wp-content\/uploads\/2019\/05\/cropped-logotipo-top-png-3.png\",\"contentUrl\":\"https:\/\/santosglobal.com.br\/wp-content\/uploads\/2019\/05\/cropped-logotipo-top-png-3.png\",\"width\":249,\"height\":75,\"caption\":\"Santos Global Log\u00edstica e Transporte Internacional de Cargas\"},\"image\":{\"@id\":\"https:\/\/santosglobal.com.br\/#\/schema\/logo\/image\/\"}}]}<\/script>\n<!-- \/ Yoast SEO plugin. -->","yoast_head_json":{"title":"Contact - Santos Global Log\u00edstica e Transporte Internacional de Cargas","robots":{"index":"index","follow":"follow","max-snippet":"max-snippet:-1","max-image-preview":"max-image-preview:large","max-video-preview":"max-video-preview:-1"},"canonical":"https:\/\/santosglobal.com.br\/en\/contact-2\/","og_locale":"en_US","og_type":"article","og_title":"Contact - Santos Global Log\u00edstica e Transporte Internacional de Cargas","og_description":"Contact Contact Santos Global. We look forward to serving you. +55 (13) 98106.9169 \/ +55 (13) 3323.1069 comercial@santosglobal.com.br","og_url":"https:\/\/santosglobal.com.br\/en\/contact-2\/","og_site_name":"Santos Global Log\u00edstica e Transporte Internacional de Cargas","article_modified_time":"2024-04-15T18:31:40+00:00","twitter_card":"summary_large_image","twitter_misc":{"Est. reading time":"1 minute"},"schema":{"@context":"https:\/\/schema.org","@graph":[{"@type":"WebPage","@id":"https:\/\/santosglobal.com.br\/contact-2\/","url":"https:\/\/santosglobal.com.br\/contact-2\/","name":"Contact - Santos Global Log\u00edstica e Transporte Internacional de Cargas","isPartOf":{"@id":"https:\/\/santosglobal.com.br\/#website"},"datePublished":"2019-10-22T21:22:39+00:00","dateModified":"2024-04-15T18:31:40+00:00","breadcrumb":{"@id":"https:\/\/santosglobal.com.br\/contact-2\/#breadcrumb"},"inLanguage":"en-US","potentialAction":[{"@type":"ReadAction","target":["https:\/\/santosglobal.com.br\/contact-2\/"]}]},{"@type":"BreadcrumbList","@id":"https:\/\/santosglobal.com.br\/contact-2\/#breadcrumb","itemListElement":[{"@type":"ListItem","position":1,"name":"In\u00edcio","item":"https:\/\/santosglobal.com.br\/"},{"@type":"ListItem","position":2,"name":"Contact"}]},{"@type":"WebSite","@id":"https:\/\/santosglobal.com.br\/#website","url":"https:\/\/santosglobal.com.br\/","name":"Santos Global Log\u00edstica e Transporte Internacional de Cargas","description":"Solu\u00e7\u00f5es de Importa\u00e7\u00e3o e Exporta\u00e7\u00e3o","publisher":{"@id":"https:\/\/santosglobal.com.br\/#organization"},"potentialAction":[{"@type":"SearchAction","target":{"@type":"EntryPoint","urlTemplate":"https:\/\/santosglobal.com.br\/?s={search_term_string}"},"query-input":{"@type":"PropertyValueSpecification","valueRequired":true,"valueName":"search_term_string"}}],"inLanguage":"en-US"},{"@type":"Organization","@id":"https:\/\/santosglobal.com.br\/#organization","name":"Santos Global Log\u00edstica e Transporte Internacional de Cargas","url":"https:\/\/santosglobal.com.br\/","logo":{"@type":"ImageObject","inLanguage":"en-US","@id":"https:\/\/santosglobal.com.br\/#\/schema\/logo\/image\/","url":"https:\/\/santosglobal.com.br\/wp-content\/uploads\/2019\/05\/cropped-logotipo-top-png-3.png","contentUrl":"https:\/\/santosglobal.com.br\/wp-content\/uploads\/2019\/05\/cropped-logotipo-top-png-3.png","width":249,"height":75,"caption":"Santos Global Log\u00edstica e Transporte Internacional de Cargas"},"image":{"@id":"https:\/\/santosglobal.com.br\/#\/schema\/logo\/image\/"}}]}},"_links":{"self":[{"href":"https:\/\/santosglobal.com.br\/en\/wp-json\/wp\/v2\/pages\/722","targetHints":{"allow":["GET"]}}],"collection":[{"href":"https:\/\/santosglobal.com.br\/en\/wp-json\/wp\/v2\/pages"}],"about":[{"href":"https:\/\/santosglobal.com.br\/en\/wp-json\/wp\/v2\/types\/page"}],"author":[{"embeddable":true,"href":"https:\/\/santosglobal.com.br\/en\/wp-json\/wp\/v2\/users\/1"}],"replies":[{"embeddable":true,"href":"https:\/\/santosglobal.com.br\/en\/wp-json\/wp\/v2\/comments?post=722"}],"version-history":[{"count":5,"href":"https:\/\/santosglobal.com.br\/en\/wp-json\/wp\/v2\/pages\/722\/revisions"}],"predecessor-version":[{"id":861,"href":"https:\/\/santosglobal.com.br\/en\/wp-json\/wp\/v2\/pages\/722\/revisions\/861"}],"wp:attachment":[{"href":"https:\/\/santosglobal.com.br\/en\/wp-json\/wp\/v2\/media?parent=722"}],"curies":[{"name":"wp","href":"https:\/\/api.w.org\/{rel}","templated":true}]}}