{"id":15,"date":"2019-05-16T16:20:25","date_gmt":"2019-05-16T19:20:25","guid":{"rendered":"https:\/\/www.santosglobal.com.br\/?page_id=15"},"modified":"2019-05-21T08:49:23","modified_gmt":"2019-05-21T11:49:23","slug":"obrigado","status":"publish","type":"page","link":"https:\/\/santosglobal.com.br\/en\/obrigado\/","title":{"rendered":"Obrigado"},"content":{"rendered":"<div data-elementor-type=\"wp-post\" data-elementor-id=\"15\" class=\"elementor elementor-15\">\n\t\t\t\t\t\t<section class=\"elementor-section elementor-top-section elementor-element elementor-element-8c3d8af elementor-section-boxed elementor-section-height-default elementor-section-height-default\" data-id=\"8c3d8af\" data-element_type=\"section\">\n\t\t\t\t\t\t<div class=\"elementor-container elementor-column-gap-default\">\n\t\t\t\t\t<div class=\"elementor-column elementor-col-100 elementor-top-column elementor-element elementor-element-ed6eb0a\" data-id=\"ed6eb0a\" data-element_type=\"column\">\n\t\t\t<div class=\"elementor-widget-wrap elementor-element-populated\">\n\t\t\t\t\t\t<div class=\"elementor-element elementor-element-22a8759 elementor-widget elementor-widget-image\" data-id=\"22a8759\" data-element_type=\"widget\" data-widget_type=\"image.default\">\n\t\t\t\t<div class=\"elementor-widget-container\">\n\t\t\t\t\t\t\t\t\t\t\t\t\t\t\t<img fetchpriority=\"high\" decoding=\"async\" width=\"225\" height=\"225\" src=\"https:\/\/santosglobal.com.br\/wp-content\/uploads\/2019\/05\/download.png\" class=\"attachment-large size-large wp-image-14\" alt=\"Santos Global\" \/>\t\t\t\t\t\t\t\t\t\t\t\t\t\t\t<\/div>\n\t\t\t\t<\/div>\n\t\t\t\t<div class=\"elementor-element elementor-element-6f94d37 elementor-widget elementor-widget-heading\" data-id=\"6f94d37\" data-element_type=\"widget\" data-widget_type=\"heading.default\">\n\t\t\t\t<div class=\"elementor-widget-container\">\n\t\t\t\t\t<h1 class=\"elementor-heading-title elementor-size-default\">Obrigado pelo seu Contato!<\/h1>\t\t\t\t<\/div>\n\t\t\t\t<\/div>\n\t\t\t\t<div class=\"elementor-element elementor-element-c79d747 elementor-widget elementor-widget-text-editor\" data-id=\"c79d747\" data-element_type=\"widget\" data-widget_type=\"text-editor.default\">\n\t\t\t\t<div class=\"elementor-widget-container\">\n\t\t\t\t\t\t\t\t\t<p>Estamos ansiosos para lhe atender. Em breve entraremos em contato para maiores detalhes.<\/p>\t\t\t\t\t\t\t\t<\/div>\n\t\t\t\t<\/div>\n\t\t\t\t\t<\/div>\n\t\t<\/div>\n\t\t\t\t\t<\/div>\n\t\t<\/section>\n\t\t\t\t<section class=\"elementor-section elementor-top-section elementor-element elementor-element-183fa7b elementor-section-boxed elementor-section-height-default elementor-section-height-default\" data-id=\"183fa7b\" data-element_type=\"section\">\n\t\t\t\t\t\t<div class=\"elementor-container elementor-column-gap-default\">\n\t\t\t\t\t<div class=\"elementor-column elementor-col-100 elementor-top-column elementor-element elementor-element-7e2c260\" data-id=\"7e2c260\" data-element_type=\"column\">\n\t\t\t<div class=\"elementor-widget-wrap elementor-element-populated\">\n\t\t\t\t\t\t<div class=\"elementor-element elementor-element-0b51cad elementor-widget elementor-widget-html\" data-id=\"0b51cad\" data-element_type=\"widget\" data-widget_type=\"html.default\">\n\t\t\t\t<div class=\"elementor-widget-container\">\n\t\t\t\t\t<script>\r\nvar Tel = \"5513981272599\";\r\nvar Message = \"Ol\u00e1! Gostaria de receber mais informa\u00e7\u00f5es sobre os servi\u00e7os.\";\r\n\r\nvar Message = Message.replace(\" \",\"%20\");\r\nvar query = location.search.slice(1);\r\nvar partes = query.split('&');\r\nvar data = {};\r\npartes.forEach(function (parte) {\r\n    var chaveValor = parte.split('=');\r\n    \r\n    var chave = chaveValor[0];\r\n    var valor = chaveValor[1];\r\n    data[chave] = valor;\r\n});\r\n\r\nif(data.con == \"yes\"){\r\n\tsetTimeout(function(){ \r\n\t\twindow.location.href = \"https:\/\/api.whatsapp.com\/send?phone=\"+Tel+\"&text=\"+Message; \r\n\t}, 1000);\r\n}\r\n<\/script>\t\t\t\t<\/div>\n\t\t\t\t<\/div>\n\t\t\t\t\t<\/div>\n\t\t<\/div>\n\t\t\t\t\t<\/div>\n\t\t<\/section>\n\t\t\t\t<\/div>","protected":false},"excerpt":{"rendered":"<p>Obrigado pelo seu Contato! Estamos ansiosos para lhe atender. Em breve entraremos em contato para maiores detalhes.<\/p>","protected":false},"author":1,"featured_media":0,"parent":0,"menu_order":0,"comment_status":"closed","ping_status":"closed","template":"elementor_header_footer","meta":{"om_disable_all_campaigns":false,"_uf_show_specific_survey":0,"_uf_disable_surveys":false,"footnotes":""},"class_list":["post-15","page","type-page","status-publish","hentry"],"aioseo_notices":[],"yoast_head":"<!-- This site is optimized with the Yoast SEO plugin v27.2 - https:\/\/yoast.com\/product\/yoast-seo-wordpress\/ -->\n<title>Obrigado - Santos Global Log\u00edstica e Transporte Internacional de Cargas<\/title>\n<meta name=\"description\" content=\"Obrigado. Estamos ansiosos para lhe atender. Em breve entraremos em contato para maiores detalhes.\" \/>\n<meta name=\"robots\" content=\"index, follow, max-snippet:-1, max-image-preview:large, max-video-preview:-1\" \/>\n<link rel=\"canonical\" href=\"https:\/\/santosglobal.com.br\/en\/obrigado\/\" \/>\n<meta property=\"og:locale\" content=\"en_US\" \/>\n<meta property=\"og:type\" content=\"article\" \/>\n<meta property=\"og:title\" content=\"Obrigado - Santos Global Log\u00edstica e Transporte Internacional de Cargas\" \/>\n<meta property=\"og:description\" content=\"Obrigado. Estamos ansiosos para lhe atender. Em breve entraremos em contato para maiores detalhes.\" \/>\n<meta property=\"og:url\" content=\"https:\/\/santosglobal.com.br\/en\/obrigado\/\" \/>\n<meta property=\"og:site_name\" content=\"Santos Global Log\u00edstica e Transporte Internacional de Cargas\" \/>\n<meta property=\"article:modified_time\" content=\"2019-05-21T11:49:23+00:00\" \/>\n<meta property=\"og:image\" content=\"https:\/\/santosglobal.com.br\/wp-content\/uploads\/2019\/05\/download.png\" \/>\n<meta name=\"twitter:card\" content=\"summary_large_image\" \/>\n<script type=\"application\/ld+json\" class=\"yoast-schema-graph\">{\"@context\":\"https:\/\/schema.org\",\"@graph\":[{\"@type\":\"WebPage\",\"@id\":\"https:\/\/santosglobal.com.br\/obrigado\/\",\"url\":\"https:\/\/santosglobal.com.br\/obrigado\/\",\"name\":\"Obrigado - Santos Global Log\u00edstica e Transporte Internacional de Cargas\",\"isPartOf\":{\"@id\":\"https:\/\/santosglobal.com.br\/#website\"},\"primaryImageOfPage\":{\"@id\":\"https:\/\/santosglobal.com.br\/obrigado\/#primaryimage\"},\"image\":{\"@id\":\"https:\/\/santosglobal.com.br\/obrigado\/#primaryimage\"},\"thumbnailUrl\":\"https:\/\/santosglobal.com.br\/wp-content\/uploads\/2019\/05\/download.png\",\"datePublished\":\"2019-05-16T19:20:25+00:00\",\"dateModified\":\"2019-05-21T11:49:23+00:00\",\"description\":\"Obrigado. Estamos ansiosos para lhe atender. Em breve entraremos em contato para maiores detalhes.\",\"breadcrumb\":{\"@id\":\"https:\/\/santosglobal.com.br\/obrigado\/#breadcrumb\"},\"inLanguage\":\"en-US\",\"potentialAction\":[{\"@type\":\"ReadAction\",\"target\":[\"https:\/\/santosglobal.com.br\/obrigado\/\"]}]},{\"@type\":\"ImageObject\",\"inLanguage\":\"en-US\",\"@id\":\"https:\/\/santosglobal.com.br\/obrigado\/#primaryimage\",\"url\":\"https:\/\/santosglobal.com.br\/wp-content\/uploads\/2019\/05\/download.png\",\"contentUrl\":\"https:\/\/santosglobal.com.br\/wp-content\/uploads\/2019\/05\/download.png\"},{\"@type\":\"BreadcrumbList\",\"@id\":\"https:\/\/santosglobal.com.br\/obrigado\/#breadcrumb\",\"itemListElement\":[{\"@type\":\"ListItem\",\"position\":1,\"name\":\"In\u00edcio\",\"item\":\"https:\/\/santosglobal.com.br\/\"},{\"@type\":\"ListItem\",\"position\":2,\"name\":\"Obrigado\"}]},{\"@type\":\"WebSite\",\"@id\":\"https:\/\/santosglobal.com.br\/#website\",\"url\":\"https:\/\/santosglobal.com.br\/\",\"name\":\"Santos Global Log\u00edstica e Transporte Internacional de Cargas\",\"description\":\"Solu\u00e7\u00f5es de Importa\u00e7\u00e3o e Exporta\u00e7\u00e3o\",\"publisher\":{\"@id\":\"https:\/\/santosglobal.com.br\/#organization\"},\"potentialAction\":[{\"@type\":\"SearchAction\",\"target\":{\"@type\":\"EntryPoint\",\"urlTemplate\":\"https:\/\/santosglobal.com.br\/?s={search_term_string}\"},\"query-input\":{\"@type\":\"PropertyValueSpecification\",\"valueRequired\":true,\"valueName\":\"search_term_string\"}}],\"inLanguage\":\"en-US\"},{\"@type\":\"Organization\",\"@id\":\"https:\/\/santosglobal.com.br\/#organization\",\"name\":\"Santos Global Log\u00edstica e Transporte Internacional de Cargas\",\"url\":\"https:\/\/santosglobal.com.br\/\",\"logo\":{\"@type\":\"ImageObject\",\"inLanguage\":\"en-US\",\"@id\":\"https:\/\/santosglobal.com.br\/#\/schema\/logo\/image\/\",\"url\":\"https:\/\/santosglobal.com.br\/wp-content\/uploads\/2019\/05\/cropped-logotipo-top-png-3.png\",\"contentUrl\":\"https:\/\/santosglobal.com.br\/wp-content\/uploads\/2019\/05\/cropped-logotipo-top-png-3.png\",\"width\":249,\"height\":75,\"caption\":\"Santos Global Log\u00edstica e Transporte Internacional de Cargas\"},\"image\":{\"@id\":\"https:\/\/santosglobal.com.br\/#\/schema\/logo\/image\/\"}}]}<\/script>\n<!-- \/ Yoast SEO plugin. -->","yoast_head_json":{"title":"Obrigado - Santos Global Log\u00edstica e Transporte Internacional de Cargas","description":"Obrigado. Estamos ansiosos para lhe atender. Em breve entraremos em contato para maiores detalhes.","robots":{"index":"index","follow":"follow","max-snippet":"max-snippet:-1","max-image-preview":"max-image-preview:large","max-video-preview":"max-video-preview:-1"},"canonical":"https:\/\/santosglobal.com.br\/en\/obrigado\/","og_locale":"en_US","og_type":"article","og_title":"Obrigado - Santos Global Log\u00edstica e Transporte Internacional de Cargas","og_description":"Obrigado. Estamos ansiosos para lhe atender. Em breve entraremos em contato para maiores detalhes.","og_url":"https:\/\/santosglobal.com.br\/en\/obrigado\/","og_site_name":"Santos Global Log\u00edstica e Transporte Internacional de Cargas","article_modified_time":"2019-05-21T11:49:23+00:00","og_image":[{"url":"https:\/\/santosglobal.com.br\/wp-content\/uploads\/2019\/05\/download.png","type":"","width":"","height":""}],"twitter_card":"summary_large_image","schema":{"@context":"https:\/\/schema.org","@graph":[{"@type":"WebPage","@id":"https:\/\/santosglobal.com.br\/obrigado\/","url":"https:\/\/santosglobal.com.br\/obrigado\/","name":"Obrigado - Santos Global Log\u00edstica e Transporte Internacional de Cargas","isPartOf":{"@id":"https:\/\/santosglobal.com.br\/#website"},"primaryImageOfPage":{"@id":"https:\/\/santosglobal.com.br\/obrigado\/#primaryimage"},"image":{"@id":"https:\/\/santosglobal.com.br\/obrigado\/#primaryimage"},"thumbnailUrl":"https:\/\/santosglobal.com.br\/wp-content\/uploads\/2019\/05\/download.png","datePublished":"2019-05-16T19:20:25+00:00","dateModified":"2019-05-21T11:49:23+00:00","description":"Obrigado. Estamos ansiosos para lhe atender. Em breve entraremos em contato para maiores detalhes.","breadcrumb":{"@id":"https:\/\/santosglobal.com.br\/obrigado\/#breadcrumb"},"inLanguage":"en-US","potentialAction":[{"@type":"ReadAction","target":["https:\/\/santosglobal.com.br\/obrigado\/"]}]},{"@type":"ImageObject","inLanguage":"en-US","@id":"https:\/\/santosglobal.com.br\/obrigado\/#primaryimage","url":"https:\/\/santosglobal.com.br\/wp-content\/uploads\/2019\/05\/download.png","contentUrl":"https:\/\/santosglobal.com.br\/wp-content\/uploads\/2019\/05\/download.png"},{"@type":"BreadcrumbList","@id":"https:\/\/santosglobal.com.br\/obrigado\/#breadcrumb","itemListElement":[{"@type":"ListItem","position":1,"name":"In\u00edcio","item":"https:\/\/santosglobal.com.br\/"},{"@type":"ListItem","position":2,"name":"Obrigado"}]},{"@type":"WebSite","@id":"https:\/\/santosglobal.com.br\/#website","url":"https:\/\/santosglobal.com.br\/","name":"Santos Global Log\u00edstica e Transporte Internacional de Cargas","description":"Solu\u00e7\u00f5es de Importa\u00e7\u00e3o e Exporta\u00e7\u00e3o","publisher":{"@id":"https:\/\/santosglobal.com.br\/#organization"},"potentialAction":[{"@type":"SearchAction","target":{"@type":"EntryPoint","urlTemplate":"https:\/\/santosglobal.com.br\/?s={search_term_string}"},"query-input":{"@type":"PropertyValueSpecification","valueRequired":true,"valueName":"search_term_string"}}],"inLanguage":"en-US"},{"@type":"Organization","@id":"https:\/\/santosglobal.com.br\/#organization","name":"Santos Global Log\u00edstica e Transporte Internacional de Cargas","url":"https:\/\/santosglobal.com.br\/","logo":{"@type":"ImageObject","inLanguage":"en-US","@id":"https:\/\/santosglobal.com.br\/#\/schema\/logo\/image\/","url":"https:\/\/santosglobal.com.br\/wp-content\/uploads\/2019\/05\/cropped-logotipo-top-png-3.png","contentUrl":"https:\/\/santosglobal.com.br\/wp-content\/uploads\/2019\/05\/cropped-logotipo-top-png-3.png","width":249,"height":75,"caption":"Santos Global Log\u00edstica e Transporte Internacional de Cargas"},"image":{"@id":"https:\/\/santosglobal.com.br\/#\/schema\/logo\/image\/"}}]}},"_links":{"self":[{"href":"https:\/\/santosglobal.com.br\/en\/wp-json\/wp\/v2\/pages\/15","targetHints":{"allow":["GET"]}}],"collection":[{"href":"https:\/\/santosglobal.com.br\/en\/wp-json\/wp\/v2\/pages"}],"about":[{"href":"https:\/\/santosglobal.com.br\/en\/wp-json\/wp\/v2\/types\/page"}],"author":[{"embeddable":true,"href":"https:\/\/santosglobal.com.br\/en\/wp-json\/wp\/v2\/users\/1"}],"replies":[{"embeddable":true,"href":"https:\/\/santosglobal.com.br\/en\/wp-json\/wp\/v2\/comments?post=15"}],"version-history":[{"count":5,"href":"https:\/\/santosglobal.com.br\/en\/wp-json\/wp\/v2\/pages\/15\/revisions"}],"predecessor-version":[{"id":220,"href":"https:\/\/santosglobal.com.br\/en\/wp-json\/wp\/v2\/pages\/15\/revisions\/220"}],"wp:attachment":[{"href":"https:\/\/santosglobal.com.br\/en\/wp-json\/wp\/v2\/media?parent=15"}],"curies":[{"name":"wp","href":"https:\/\/api.w.org\/{rel}","templated":true}]}}